{"id":207,"date":"2023-11-27T18:40:04","date_gmt":"2023-11-27T17:40:04","guid":{"rendered":"https:\/\/cgos.saint-chamond.fr\/?page_id=207"},"modified":"2024-01-05T13:51:23","modified_gmt":"2024-01-05T12:51:23","slug":"rendez-nous-visite","status":"publish","type":"page","link":"https:\/\/cgos.saint-chamond.fr\/?page_id=207","title":{"rendered":"Rendez-nous visite"},"content":{"rendered":"\n<h2 class=\"wp-block-heading has-vivid-red-color has-text-color has-link-color wp-elements-face93cdc8884de37efe7f32c65c42cc\"><strong>SECRETARIAT DU CGOS!<\/strong><\/h2>\n\n\n\n<p>Ghislaine GARDETTE vous accueille au secr\u00e9tariat du CGOS (1er \u00e9tage de la mairie) les :<\/p>\n\n\n\n<ul class=\"wp-block-list\">\n<li>Lundis de 13h30 \u00e0 17h00<\/li>\n\n\n\n<li>Mecredis de 13h30 \u00e0 17h00<\/li>\n\n\n\n<li>Jeudis de 08h30 \u00e0 12h00<\/li>\n<\/ul>\n\n\n\n<p><strong>T\u00e9l\u00e9phone : 04-77-31-40-96<\/strong><\/p>\n\n\n\n<p><strong>Courriel : gardette.ghislaine@saint-chamond.fr<\/strong><\/p>\n","protected":false},"excerpt":{"rendered":"<p>SECRETARIAT DU CGOS! Ghislaine GARDETTE vous accueille au secr\u00e9tariat du CGOS (1er \u00e9tage de la mairie) les : T\u00e9l\u00e9phone :<\/p>\n","protected":false},"author":1,"featured_media":0,"parent":0,"menu_order":0,"comment_status":"closed","ping_status":"closed","template":"","meta":{"footnotes":""},"class_list":["post-207","page","type-page","status-publish","hentry"],"_links":{"self":[{"href":"https:\/\/cgos.saint-chamond.fr\/index.php?rest_route=\/wp\/v2\/pages\/207","targetHints":{"allow":["GET"]}}],"collection":[{"href":"https:\/\/cgos.saint-chamond.fr\/index.php?rest_route=\/wp\/v2\/pages"}],"about":[{"href":"https:\/\/cgos.saint-chamond.fr\/index.php?rest_route=\/wp\/v2\/types\/page"}],"author":[{"embeddable":true,"href":"https:\/\/cgos.saint-chamond.fr\/index.php?rest_route=\/wp\/v2\/users\/1"}],"replies":[{"embeddable":true,"href":"https:\/\/cgos.saint-chamond.fr\/index.php?rest_route=%2Fwp%2Fv2%2Fcomments&post=207"}],"version-history":[{"count":1,"href":"https:\/\/cgos.saint-chamond.fr\/index.php?rest_route=\/wp\/v2\/pages\/207\/revisions"}],"predecessor-version":[{"id":208,"href":"https:\/\/cgos.saint-chamond.fr\/index.php?rest_route=\/wp\/v2\/pages\/207\/revisions\/208"}],"wp:attachment":[{"href":"https:\/\/cgos.saint-chamond.fr\/index.php?rest_route=%2Fwp%2Fv2%2Fmedia&parent=207"}],"curies":[{"name":"wp","href":"https:\/\/api.w.org\/{rel}","templated":true}]}}