{"id":37,"date":"2023-03-03T10:35:49","date_gmt":"2023-03-03T09:35:49","guid":{"rendered":"https:\/\/cgos.saint-chamond.fr\/?page_id=37"},"modified":"2023-03-03T10:35:49","modified_gmt":"2023-03-03T09:35:49","slug":"presentation-du-cgos","status":"publish","type":"page","link":"https:\/\/cgos.saint-chamond.fr\/?page_id=37","title":{"rendered":"Pr\u00e9sentation du CGOS"},"content":{"rendered":"\n<h2 class=\"wp-block-heading\">Introduction<\/h2>\n\n\n\n<p>Le&nbsp;<strong>C.G.O.S,<\/strong>&nbsp;association loi 1901 (il n\u2019existe pas de comit\u00e9 d\u2019entreprise dans la fonction publique), est g\u00e9r\u00e9 par 6 repr\u00e9sentants \u00e9lus du personnel et 5 membres de droit, d\u00e9sign\u00e9s par le Maire parmi l\u2019\u00e9quipe municipale.<\/p>\n\n\n\n<p>Ses activit\u00e9s sont centr\u00e9es sur les volets sociaux, les loisirs et la coh\u00e9sion inter-services.<\/p>\n\n\n\n<p>Voir la composition du Conseil d&#8217;Administration&nbsp;<a href=\"http:\/\/cgos-saint-chamond.e-monsite.com\/pages\/presentation\/conseil-administration.html\">ici.<\/a><\/p>\n\n\n\n<p>Consulter les&nbsp;<a href=\"http:\/\/cgos-saint-chamond.e-monsite.com\/medias\/files\/statuts-cgos-modifs2016-signe.pdf\" target=\"_blank\" rel=\"noreferrer noopener\">statuts&nbsp;<\/a>et le&nbsp;<a href=\"http:\/\/cgos-saint-chamond.e-monsite.com\/medias\/files\/ri-modifs2018.pdf\" target=\"_blank\" rel=\"noreferrer noopener\">r\u00e8glement int\u00e9rieur<\/a>&nbsp;(mis \u00e0 jour en avril 2018).<\/p>\n\n\n\n<p>.<\/p>\n\n\n\n<h2 class=\"wp-block-heading\">Objectifs<\/h2>\n\n\n\n<p>Le petit plus social !!<\/p>\n\n\n\n<ul class=\"wp-block-list\">\n<li>Lieu de rencontres amicales pour tous : arbre de No\u00ebl, voyages\/week-end, marches, repas partag\u00e9s, etc&#8230;<\/li>\n\n\n\n<li>Rencontres interservices : sportives, culturelles, etc&#8230;<\/li>\n\n\n\n<li>Acc\u00e8s au sport loisir \u00e0 un moindre co\u00fbt avec un esprit diff\u00e9rent<\/li>\n\n\n\n<li>Acc\u00e8s aux loisirs et aux sorties familiales gr\u00e2ce \u00e0 une billetterie \u00e0 tarif r\u00e9duit<\/li>\n\n\n\n<li>Acc\u00e8s \u00e0 la culture : participation \u00e0 la saison culturelle, \u00e0 l&#8217;\u00e9cole de musique, etc&#8230;<\/li>\n<\/ul>\n\n\n\n<h2 class=\"wp-block-heading\">Chiffres cl\u00e9s<\/h2>\n\n\n\n<ul class=\"wp-block-list\">\n<li>Une adh\u00e9sion annuelle de 5\u20ac est demand\u00e9e pour devenir membre<\/li>\n\n\n\n<li>Une subvention communale de 149.710 \u20ac est vers\u00e9e pour l\u2019ann\u00e9e 2020 pour mener \u00e0 bien les objectifs pr\u00e9d\u00e9finis (hors frais de personnel et cotisations)<\/li>\n\n\n\n<li>517 membres actifs et 275 retrait\u00e9s soit un total de 792 membres (chiffres au 20 octobre 2020)<\/li>\n<\/ul>\n","protected":false},"excerpt":{"rendered":"<p>Introduction Le&nbsp;C.G.O.S,&nbsp;association loi 1901 (il n\u2019existe pas de comit\u00e9 d\u2019entreprise dans la fonction publique), est g\u00e9r\u00e9 par 6 repr\u00e9sentants \u00e9lus<\/p>\n","protected":false},"author":1,"featured_media":0,"parent":0,"menu_order":0,"comment_status":"closed","ping_status":"closed","template":"","meta":{"footnotes":""},"class_list":["post-37","page","type-page","status-publish","hentry"],"_links":{"self":[{"href":"https:\/\/cgos.saint-chamond.fr\/index.php?rest_route=\/wp\/v2\/pages\/37","targetHints":{"allow":["GET"]}}],"collection":[{"href":"https:\/\/cgos.saint-chamond.fr\/index.php?rest_route=\/wp\/v2\/pages"}],"about":[{"href":"https:\/\/cgos.saint-chamond.fr\/index.php?rest_route=\/wp\/v2\/types\/page"}],"author":[{"embeddable":true,"href":"https:\/\/cgos.saint-chamond.fr\/index.php?rest_route=\/wp\/v2\/users\/1"}],"replies":[{"embeddable":true,"href":"https:\/\/cgos.saint-chamond.fr\/index.php?rest_route=%2Fwp%2Fv2%2Fcomments&post=37"}],"version-history":[{"count":1,"href":"https:\/\/cgos.saint-chamond.fr\/index.php?rest_route=\/wp\/v2\/pages\/37\/revisions"}],"predecessor-version":[{"id":38,"href":"https:\/\/cgos.saint-chamond.fr\/index.php?rest_route=\/wp\/v2\/pages\/37\/revisions\/38"}],"wp:attachment":[{"href":"https:\/\/cgos.saint-chamond.fr\/index.php?rest_route=%2Fwp%2Fv2%2Fmedia&parent=37"}],"curies":[{"name":"wp","href":"https:\/\/api.w.org\/{rel}","templated":true}]}}