{"id":475,"date":"2024-02-19T13:44:13","date_gmt":"2024-02-19T12:44:13","guid":{"rendered":"https:\/\/cgos.saint-chamond.fr\/?page_id=475"},"modified":"2026-04-09T15:19:49","modified_gmt":"2026-04-09T13:19:49","slug":"bijoux-srd","status":"publish","type":"page","link":"https:\/\/cgos.saint-chamond.fr\/?page_id=475","title":{"rendered":"Bijoux SRD"},"content":{"rendered":"<div class=\"wp-block-image\">\n<figure class=\"alignleft size-full is-resized\"><img loading=\"lazy\" decoding=\"async\" width=\"165\" height=\"200\" src=\"https:\/\/cgos.saint-chamond.fr\/wp-content\/uploads\/2026\/04\/Couv_Catalogue_PE-2026-165x200-1.jpg\" alt=\"\" class=\"wp-image-947\" style=\"width:204px;height:auto\"\/><\/figure>\n<\/div>\n\n\n<p>D\u00e9couvrez le nouveau catalogue des<a href=\"https:\/\/commande.srdbijoux.fr\/index\/catalog\"> bijoux SRD<\/a>!<\/p>\n\n\n\n<p>SRD BIJOUX vous propose jusqu&#8217;au 29 JUIN 2026 <mark style=\"background-color:rgba(0, 0, 0, 0)\" class=\"has-inline-color has-vivid-cyan-blue-color\">&#8211; 40% SUR LE CATALOGUE VENTE PRINTEMPS ETE <\/mark> 2026 via le lien suivant:<\/p>\n\n\n\n<p><\/p>\n\n\n\n<p><\/p>\n\n\n\n<div data-wp-interactive=\"core\/file\" class=\"wp-block-file\"><object data-wp-bind--hidden=\"!state.hasPdfPreview\" hidden class=\"wp-block-file__embed\" data=\"https:\/\/cgos.saint-chamond.fr\/wp-content\/uploads\/2026\/04\/Catalogue-PE-2026-HD.pdf\" type=\"application\/pdf\" style=\"width:100%;height:610px\" aria-label=\"Embed of Catalogue PE 2026 HD.\"><\/object><a id=\"wp-block-file--media-c3c53f8f-21ac-4943-86c1-f93443ad4a38\" href=\"https:\/\/cgos.saint-chamond.fr\/wp-content\/uploads\/2026\/04\/Catalogue-PE-2026-HD.pdf\">Catalogue PE 2026 HD<\/a><a href=\"https:\/\/cgos.saint-chamond.fr\/wp-content\/uploads\/2026\/04\/Catalogue-PE-2026-HD.pdf\" class=\"wp-block-file__button wp-element-button\" download aria-describedby=\"wp-block-file--media-c3c53f8f-21ac-4943-86c1-f93443ad4a38\">Download<\/a><\/div>\n\n\n\n<div data-wp-interactive=\"core\/file\" class=\"wp-block-file\"><object data-wp-bind--hidden=\"!state.hasPdfPreview\" hidden class=\"wp-block-file__embed\" data=\"https:\/\/cgos.saint-chamond.fr\/wp-content\/uploads\/2026\/01\/Catalogue-VP-Hiver-2026-Digital-HD.pdf\" type=\"application\/pdf\" style=\"width:100%;height:600px\" aria-label=\"Embed of Catalogue VP Hiver 2026 Digital HD.\"><\/object><a id=\"wp-block-file--media-2c566629-1e90-4925-bc88-0e030f4b3fdb\" href=\"https:\/\/cgos.saint-chamond.fr\/wp-content\/uploads\/2026\/01\/Catalogue-VP-Hiver-2026-Digital-HD.pdf\">Catalogue VP Hiver 2026 Digital HD<\/a><a href=\"https:\/\/cgos.saint-chamond.fr\/wp-content\/uploads\/2026\/01\/Catalogue-VP-Hiver-2026-Digital-HD.pdf\" class=\"wp-block-file__button wp-element-button\" download aria-describedby=\"wp-block-file--media-2c566629-1e90-4925-bc88-0e030f4b3fdb\">Download<\/a><\/div>\n\n\n\n<p>D\u00e9posez votre commande&nbsp; dans la boite aux lettres CGOS, envoyez la par mail ou d\u00e9posez la au bureau du CGOS aux heures de permanences&nbsp;.<\/p>\n\n\n\n<p>Le r\u00e8glement se fait&nbsp; au moment de la r\u00e9ception par ch\u00e8que (libell\u00e9 \u00e0 SRD bijou) ou esp\u00e8ces seulement.<\/p>\n\n\n<div class=\"wp-block-image\">\n<figure class=\"aligncenter size-full\"><img loading=\"lazy\" decoding=\"async\" width=\"245\" height=\"205\" src=\"https:\/\/cgos.saint-chamond.fr\/wp-content\/uploads\/2024\/02\/image-1.png\" alt=\"\" class=\"wp-image-476\"\/><\/figure>\n<\/div>","protected":false},"excerpt":{"rendered":"<p>D\u00e9couvrez le nouveau catalogue des bijoux SRD! SRD BIJOUX vous propose jusqu&#8217;au 29 JUIN 2026 &#8211; 40% SUR LE CATALOGUE<\/p>\n","protected":false},"author":1,"featured_media":477,"parent":0,"menu_order":0,"comment_status":"closed","ping_status":"closed","template":"","meta":{"footnotes":""},"class_list":["post-475","page","type-page","status-publish","has-post-thumbnail","hentry"],"_links":{"self":[{"href":"https:\/\/cgos.saint-chamond.fr\/index.php?rest_route=\/wp\/v2\/pages\/475","targetHints":{"allow":["GET"]}}],"collection":[{"href":"https:\/\/cgos.saint-chamond.fr\/index.php?rest_route=\/wp\/v2\/pages"}],"about":[{"href":"https:\/\/cgos.saint-chamond.fr\/index.php?rest_route=\/wp\/v2\/types\/page"}],"author":[{"embeddable":true,"href":"https:\/\/cgos.saint-chamond.fr\/index.php?rest_route=\/wp\/v2\/users\/1"}],"replies":[{"embeddable":true,"href":"https:\/\/cgos.saint-chamond.fr\/index.php?rest_route=%2Fwp%2Fv2%2Fcomments&post=475"}],"version-history":[{"count":16,"href":"https:\/\/cgos.saint-chamond.fr\/index.php?rest_route=\/wp\/v2\/pages\/475\/revisions"}],"predecessor-version":[{"id":950,"href":"https:\/\/cgos.saint-chamond.fr\/index.php?rest_route=\/wp\/v2\/pages\/475\/revisions\/950"}],"wp:featuredmedia":[{"embeddable":true,"href":"https:\/\/cgos.saint-chamond.fr\/index.php?rest_route=\/wp\/v2\/media\/477"}],"wp:attachment":[{"href":"https:\/\/cgos.saint-chamond.fr\/index.php?rest_route=%2Fwp%2Fv2%2Fmedia&parent=475"}],"curies":[{"name":"wp","href":"https:\/\/api.w.org\/{rel}","templated":true}]}}