{"id":513,"date":"2024-02-24T17:25:27","date_gmt":"2024-02-24T16:25:27","guid":{"rendered":"https:\/\/cgos.saint-chamond.fr\/?page_id=513"},"modified":"2024-04-09T19:13:30","modified_gmt":"2024-04-09T17:13:30","slug":"masseur-bien-etre-laurent-pitiot","status":"publish","type":"page","link":"https:\/\/cgos.saint-chamond.fr\/?page_id=513","title":{"rendered":"Masseur bien-\u00eatre : Laurent Pitiot"},"content":{"rendered":"\n<p>Ben\u00e9ficiez de 20% de r\u00e9duction sur les massages et soin bien-\u00eatre<\/p>\n\n\n<div class=\"wp-block-image\">\n<figure class=\"aligncenter size-large\"><img loading=\"lazy\" decoding=\"async\" width=\"724\" height=\"1024\" src=\"http:\/\/cgos.saint-chamond.fr\/wp-content\/uploads\/2024\/04\/Laurent-massage-42-1-724x1024.png\" alt=\"\" class=\"wp-image-539\" srcset=\"https:\/\/cgos.saint-chamond.fr\/wp-content\/uploads\/2024\/04\/Laurent-massage-42-1-724x1024.png 724w, https:\/\/cgos.saint-chamond.fr\/wp-content\/uploads\/2024\/04\/Laurent-massage-42-1-212x300.png 212w, https:\/\/cgos.saint-chamond.fr\/wp-content\/uploads\/2024\/04\/Laurent-massage-42-1-768x1086.png 768w, https:\/\/cgos.saint-chamond.fr\/wp-content\/uploads\/2024\/04\/Laurent-massage-42-1-1086x1536.png 1086w, https:\/\/cgos.saint-chamond.fr\/wp-content\/uploads\/2024\/04\/Laurent-massage-42-1-1448x2048.png 1448w, https:\/\/cgos.saint-chamond.fr\/wp-content\/uploads\/2024\/04\/Laurent-massage-42-1.png 1587w\" sizes=\"auto, (max-width: 724px) 100vw, 724px\" \/><\/figure>\n<\/div>","protected":false},"excerpt":{"rendered":"<p>Ben\u00e9ficiez de 20% de r\u00e9duction sur les massages et soin bien-\u00eatre<\/p>\n","protected":false},"author":1,"featured_media":0,"parent":0,"menu_order":0,"comment_status":"closed","ping_status":"closed","template":"","meta":{"footnotes":""},"class_list":["post-513","page","type-page","status-publish","hentry"],"_links":{"self":[{"href":"https:\/\/cgos.saint-chamond.fr\/index.php?rest_route=\/wp\/v2\/pages\/513","targetHints":{"allow":["GET"]}}],"collection":[{"href":"https:\/\/cgos.saint-chamond.fr\/index.php?rest_route=\/wp\/v2\/pages"}],"about":[{"href":"https:\/\/cgos.saint-chamond.fr\/index.php?rest_route=\/wp\/v2\/types\/page"}],"author":[{"embeddable":true,"href":"https:\/\/cgos.saint-chamond.fr\/index.php?rest_route=\/wp\/v2\/users\/1"}],"replies":[{"embeddable":true,"href":"https:\/\/cgos.saint-chamond.fr\/index.php?rest_route=%2Fwp%2Fv2%2Fcomments&post=513"}],"version-history":[{"count":2,"href":"https:\/\/cgos.saint-chamond.fr\/index.php?rest_route=\/wp\/v2\/pages\/513\/revisions"}],"predecessor-version":[{"id":541,"href":"https:\/\/cgos.saint-chamond.fr\/index.php?rest_route=\/wp\/v2\/pages\/513\/revisions\/541"}],"wp:attachment":[{"href":"https:\/\/cgos.saint-chamond.fr\/index.php?rest_route=%2Fwp%2Fv2%2Fmedia&parent=513"}],"curies":[{"name":"wp","href":"https:\/\/api.w.org\/{rel}","templated":true}]}}