{"id":543,"date":"2024-04-11T07:56:26","date_gmt":"2024-04-11T05:56:26","guid":{"rendered":"https:\/\/cgos.saint-chamond.fr\/?page_id=543"},"modified":"2024-10-24T18:15:30","modified_gmt":"2024-10-24T16:15:30","slug":"offres-partenaires-homair-et-tohapi","status":"publish","type":"page","link":"https:\/\/cgos.saint-chamond.fr\/?page_id=543","title":{"rendered":"Offres partenaires HOMAIR et TOHAPI"},"content":{"rendered":"\n<p>Profitez des avantages gr\u00e2ce au code partenaire suivant:<\/p>\n\n\n\n<p class=\"has-large-font-size\"><mark style=\"background-color:rgba(0, 0, 0, 0)\" class=\"has-inline-color has-vivid-green-cyan-color\"><strong>Code partenaire : CGOSSTCHA42<\/strong> \u200b<\/mark><\/p>\n\n\n\n<p>Votre code vous offre les avantages suivants et est cumulable avec de nombreuses promotions (early booking, ventes flash, derni\u00e8re minute\u2026) :<\/p>\n\n\n\n<p><strong><u>En Basse-Saison (de l&#8217;ouverture des campings au 05 juillet et apr\u00e8s le 30 ao\u00fbt 2025) :<\/u><\/strong><\/p>\n\n\n\n<p>-15% de remise<\/p>\n\n\n\n<p><strong><u>En Haute-Saison :<\/u><\/strong><\/p>\n\n\n\n<p>&#8211; Du 05 au 12 juillet et du 23 au 30 ao\u00fbt 2025: <strong><mark style=\"background-color:#fcb900\" class=\"has-inline-color\">10% de remise<\/mark><\/strong><\/p>\n\n\n\n<p>&#8211; Du 12 juillet au 23 ao\u00fbt 2025 : <strong><mark style=\"background-color:#fcb900\" class=\"has-inline-color\">5% de remise.<\/mark><\/strong><\/p>\n\n\n\n<p><strong>Nouveaut\u00e9 2025 : le code partenaire fonctionne sur les courts-s\u00e9jours (2 nuits minimum) !<\/strong><\/p>\n\n\n\n<p><mark style=\"background-color:#fcb900\" class=\"has-inline-color\">Les frais de dossier sont toujours offerts.<\/mark><\/p>\n\n\n\n<p><strong>&#8211; La Carte des destinations :<\/strong><\/p>\n\n\n\n<div data-wp-interactive=\"core\/file\" class=\"wp-block-file\"><object data-wp-bind--hidden=\"!state.hasPdfPreview\" hidden class=\"wp-block-file__embed\" data=\"https:\/\/cgos.saint-chamond.fr\/wp-content\/uploads\/2024\/10\/FICHECARTERESA2025.pdf\" type=\"application\/pdf\" style=\"width:100%;height:600px\" aria-label=\"Embed of FICHE+CARTE+RESA+2025.\"><\/object><a id=\"wp-block-file--media-ba68f704-07a9-4d15-a580-9130a7762a8d\" href=\"https:\/\/cgos.saint-chamond.fr\/wp-content\/uploads\/2024\/10\/FICHECARTERESA2025.pdf\">FICHE+CARTE+RESA+2025<\/a><a href=\"https:\/\/cgos.saint-chamond.fr\/wp-content\/uploads\/2024\/10\/FICHECARTERESA2025.pdf\" class=\"wp-block-file__button wp-element-button\" download aria-describedby=\"wp-block-file--media-ba68f704-07a9-4d15-a580-9130a7762a8d\">Download<\/a><\/div>\n\n\n\n<p><strong>&#8211; Offre <\/strong>coup par coup:<\/p>\n\n\n\n<div data-wp-interactive=\"core\/file\" class=\"wp-block-file\"><object data-wp-bind--hidden=\"!state.hasPdfPreview\" hidden class=\"wp-block-file__embed\" data=\"https:\/\/cgos.saint-chamond.fr\/wp-content\/uploads\/2024\/10\/FICHESCPCAVECCODEPARTENAIRE2025.pdf\" type=\"application\/pdf\" style=\"width:100%;height:600px\" aria-label=\"Embed of FICHES+CPC+AVEC+CODE+PARTENAIRE+2025.\"><\/object><a id=\"wp-block-file--media-dcafeacb-756f-44e0-a627-e41a9920d54b\" href=\"https:\/\/cgos.saint-chamond.fr\/wp-content\/uploads\/2024\/10\/FICHESCPCAVECCODEPARTENAIRE2025.pdf\">FICHES+CPC+AVEC+CODE+PARTENAIRE+2025<\/a><a href=\"https:\/\/cgos.saint-chamond.fr\/wp-content\/uploads\/2024\/10\/FICHESCPCAVECCODEPARTENAIRE2025.pdf\" class=\"wp-block-file__button wp-element-button\" download aria-describedby=\"wp-block-file--media-dcafeacb-756f-44e0-a627-e41a9920d54b\">Download<\/a><\/div>\n\n\n\n<p><\/p>\n\n\n\n<p><strong>Comment r\u00e9server ?<\/strong><br>Soit en se connectant au site web <strong><a href=\"https:\/\/eur03.safelinks.protection.outlook.com\/?url=https%3A%2F%2Ftrnews.palmiers-ocean.com%2Fu%2Fnrd.php%3Fp%3Dnhj9RzKsuY_1_1900908_1_1%26ems_l%3D3946256%26d%3DVGVzdCs2K1BPXzM1LWNvZGVDUEMtU2Fs%257C&amp;data=04%7C01%7Cchantal.datin%40clm-energies.com%7C420cf185460a4bf2ba5b08d9105f3a96%7C0a8e5da22394460ba71639b8e7c592f0%7C0%7C0%7C637558824655533885%7CUnknown%7CTWFpbGZsb3d8eyJWIjoiMC4wLjAwMDAiLCJQIjoiV2luMzIiLCJBTiI6Ik1haWwiLCJXVCI6Mn0%3D%7C1000&amp;sdata=z8YI3LPP%2B83ea6c6JujYyu9VS7YGQ2oU3NUun6fpawI%3D&amp;reserved=0\" target=\"_blank\" rel=\"noreferrer noopener\">www.homair.com<\/a><\/strong> ou <strong><a href=\"http:\/\/www.tohapi.fr\" target=\"_blank\" rel=\"noreferrer noopener\">www.tohapi.fr<\/a><\/strong>et en renseignant le code partenaire lors de la finalisation de la r\u00e9servation.<\/p>\n\n\n\n<p><strong>&#8211; <\/strong>Soit par t\u00e9l\u00e9phone au <strong><a href=\"callto:04 27 50 13 05\">04 27 50 13 05<\/a> <\/strong>en indiquant le code partenaire.<\/p>\n\n\n\n<p>&#8211; Lien vers notre catalogue en ligne :<strong><a href=\"https:\/\/d2-xFr04.eu1.hs-sales-engage.com\/Ctc\/W+23284\/d2-xFr04\/JjT6XcqBW50l5tj6lZ3kHT9Z6b1K2CrGVCWVcx2WXgLjW3PNR748Cry1zW8778sR1ry-XkW8B9Nlw5p14DWW7gZ8yL1pN-WlW8cfKxq2LKTK4W1c9dMj2NXPrvW1fFDH372fN0pW3h2WC_5HtyV3MdD_zh7dq6vW4Wsktp5M3QzpW6tckk534F_FqW8xbly723y2W4W5Tmtfh5JDr4kW4Hnmh-4Pv29VN5HwPKXhrngrW1L_qvK16TrKyW9jsYsT8zd9DQW5XBzmf9jWcHHW1fbHJf2W-JYfVhM2VJ2Ty9vYW8F-tcM9b9LPHW7xDbrN4PlYzDW6kMjWl3rfTVrW1Rs_1t2GcMBwW3pT-7B9ddY4DW51fVJJ3MwRKfW2ZJXpJ8XTQl9N6zhl4c-99CFVqp1cf39NnYwVmMwHj8Y8gMwW3DC4wK1jWH2GVGvbFK2WgwRRVGBRc57hLp18W2VrqRB71B-ZpW1lmw_r4dR239W40swM_6QvQqfW6Mwhdg21NsvHW8kpgyL7YXbGqW8dt1Yj385hLfM8PyzRNfHrrW1kgt_p8ZcZPYW6fywx55c9v0PV_lLkt6K-yFNV73h1t1GdfM1W7Qd-VH5tvCBnW6gX_w75QLtnQf8j9-ld04\" target=\"_blank\" rel=\"noreferrer noopener\">e-CATALOGUE HOMAIR 2024<\/a><\/strong><\/p>\n\n\n\n<p>Muni de votre code partenaire, vous pouvez r\u00e9server son s\u00e9jour par t\u00e9l\u00e9phone en contactant le service d\u00e9di\u00e9 aux CSE et collectivit\u00e9s au<strong><a href=\"callto:04 27 50 13 05\">04 27 50 13 05<\/a><\/strong>.<\/p>\n\n\n\n<p><\/p>\n\n\n<div class=\"wp-block-image\">\n<figure class=\"aligncenter size-full\"><img loading=\"lazy\" decoding=\"async\" width=\"568\" height=\"757\" src=\"https:\/\/cgos.saint-chamond.fr\/wp-content\/uploads\/2024\/10\/image-1.png\" alt=\"\" class=\"wp-image-667\" srcset=\"https:\/\/cgos.saint-chamond.fr\/wp-content\/uploads\/2024\/10\/image-1.png 568w, https:\/\/cgos.saint-chamond.fr\/wp-content\/uploads\/2024\/10\/image-1-225x300.png 225w\" sizes=\"auto, (max-width: 568px) 100vw, 568px\" \/><\/figure>\n<\/div>","protected":false},"excerpt":{"rendered":"<p>Profitez des avantages gr\u00e2ce au code partenaire suivant: Code partenaire : CGOSSTCHA42 \u200b Votre code vous offre les avantages suivants<\/p>\n","protected":false},"author":1,"featured_media":0,"parent":0,"menu_order":0,"comment_status":"closed","ping_status":"closed","template":"","meta":{"footnotes":""},"class_list":["post-543","page","type-page","status-publish","hentry"],"_links":{"self":[{"href":"https:\/\/cgos.saint-chamond.fr\/index.php?rest_route=\/wp\/v2\/pages\/543","targetHints":{"allow":["GET"]}}],"collection":[{"href":"https:\/\/cgos.saint-chamond.fr\/index.php?rest_route=\/wp\/v2\/pages"}],"about":[{"href":"https:\/\/cgos.saint-chamond.fr\/index.php?rest_route=\/wp\/v2\/types\/page"}],"author":[{"embeddable":true,"href":"https:\/\/cgos.saint-chamond.fr\/index.php?rest_route=\/wp\/v2\/users\/1"}],"replies":[{"embeddable":true,"href":"https:\/\/cgos.saint-chamond.fr\/index.php?rest_route=%2Fwp%2Fv2%2Fcomments&post=543"}],"version-history":[{"count":3,"href":"https:\/\/cgos.saint-chamond.fr\/index.php?rest_route=\/wp\/v2\/pages\/543\/revisions"}],"predecessor-version":[{"id":668,"href":"https:\/\/cgos.saint-chamond.fr\/index.php?rest_route=\/wp\/v2\/pages\/543\/revisions\/668"}],"wp:attachment":[{"href":"https:\/\/cgos.saint-chamond.fr\/index.php?rest_route=%2Fwp%2Fv2%2Fmedia&parent=543"}],"curies":[{"name":"wp","href":"https:\/\/api.w.org\/{rel}","templated":true}]}}