{"id":595,"date":"2024-06-14T18:28:31","date_gmt":"2024-06-14T16:28:31","guid":{"rendered":"https:\/\/cgos.saint-chamond.fr\/?page_id=595"},"modified":"2024-06-14T18:28:32","modified_gmt":"2024-06-14T16:28:32","slug":"offre-partenaire-odalys","status":"publish","type":"page","link":"https:\/\/cgos.saint-chamond.fr\/?page_id=595","title":{"rendered":"Offre partenaire ODALYS"},"content":{"rendered":"\n<p>B\u00e9n\u00e9ficiez toute l&#8217;ann\u00e9e d&#8217;une r\u00e9duction de <strong>10% sur la location de votre h\u00e9bergement de vacances!<\/strong><\/p>\n\n\n\n<p>Rendez-vous sur <a href=\"https:\/\/www.odalys-vacances.com\/?esl-k=sem-google|ng|c677764742852|me|kodalys|p|t|dc|a47659951129|g900768430&amp;gad_source=1&amp;gclid=EAIaIQobChMIsdyGi8HbhgMVwgYGAB0UgwRnEAAYASAAEgLof_D_BwE\">https:\/\/www.odalys-vacances.com<\/a> et n&#8217;oubliez pas de renseigner le code partenaire lors de votre r\u00e9servation.<\/p>\n\n\n\n<p>Code partenaire : <strong><mark style=\"background-color:rgba(0, 0, 0, 0)\" class=\"has-inline-color has-vivid-cyan-blue-color\">42CGOSCHA<\/mark><\/strong><\/p>\n\n\n\n<figure class=\"wp-block-image size-full\"><img loading=\"lazy\" decoding=\"async\" width=\"600\" height=\"318\" src=\"https:\/\/cgos.saint-chamond.fr\/wp-content\/uploads\/2024\/06\/20557899-23983006.jpg\" alt=\"\" class=\"wp-image-596\" srcset=\"https:\/\/cgos.saint-chamond.fr\/wp-content\/uploads\/2024\/06\/20557899-23983006.jpg 600w, https:\/\/cgos.saint-chamond.fr\/wp-content\/uploads\/2024\/06\/20557899-23983006-300x159.jpg 300w\" sizes=\"auto, (max-width: 600px) 100vw, 600px\" \/><\/figure>\n\n\n<div class=\"wp-block-image\">\n<figure class=\"alignright size-full\"><img loading=\"lazy\" decoding=\"async\" width=\"695\" height=\"382\" src=\"https:\/\/cgos.saint-chamond.fr\/wp-content\/uploads\/2024\/06\/78315770-56849771.jpg\" alt=\"\" class=\"wp-image-597\" srcset=\"https:\/\/cgos.saint-chamond.fr\/wp-content\/uploads\/2024\/06\/78315770-56849771.jpg 695w, https:\/\/cgos.saint-chamond.fr\/wp-content\/uploads\/2024\/06\/78315770-56849771-300x165.jpg 300w\" sizes=\"auto, (max-width: 695px) 100vw, 695px\" \/><\/figure>\n<\/div>","protected":false},"excerpt":{"rendered":"<p>B\u00e9n\u00e9ficiez toute l&#8217;ann\u00e9e d&#8217;une r\u00e9duction de 10% sur la location de votre h\u00e9bergement de vacances! Rendez-vous sur https:\/\/www.odalys-vacances.com et n&#8217;oubliez<\/p>\n","protected":false},"author":1,"featured_media":0,"parent":0,"menu_order":0,"comment_status":"closed","ping_status":"closed","template":"","meta":{"footnotes":""},"class_list":["post-595","page","type-page","status-publish","hentry"],"_links":{"self":[{"href":"https:\/\/cgos.saint-chamond.fr\/index.php?rest_route=\/wp\/v2\/pages\/595","targetHints":{"allow":["GET"]}}],"collection":[{"href":"https:\/\/cgos.saint-chamond.fr\/index.php?rest_route=\/wp\/v2\/pages"}],"about":[{"href":"https:\/\/cgos.saint-chamond.fr\/index.php?rest_route=\/wp\/v2\/types\/page"}],"author":[{"embeddable":true,"href":"https:\/\/cgos.saint-chamond.fr\/index.php?rest_route=\/wp\/v2\/users\/1"}],"replies":[{"embeddable":true,"href":"https:\/\/cgos.saint-chamond.fr\/index.php?rest_route=%2Fwp%2Fv2%2Fcomments&post=595"}],"version-history":[{"count":1,"href":"https:\/\/cgos.saint-chamond.fr\/index.php?rest_route=\/wp\/v2\/pages\/595\/revisions"}],"predecessor-version":[{"id":598,"href":"https:\/\/cgos.saint-chamond.fr\/index.php?rest_route=\/wp\/v2\/pages\/595\/revisions\/598"}],"wp:attachment":[{"href":"https:\/\/cgos.saint-chamond.fr\/index.php?rest_route=%2Fwp%2Fv2%2Fmedia&parent=595"}],"curies":[{"name":"wp","href":"https:\/\/api.w.org\/{rel}","templated":true}]}}