{"id":63,"date":"2023-03-06T14:56:50","date_gmt":"2023-03-06T13:56:50","guid":{"rendered":"https:\/\/cgos.saint-chamond.fr\/?page_id=63"},"modified":"2025-08-27T10:00:34","modified_gmt":"2025-08-27T08:00:34","slug":"les-evenements-familiaux","status":"publish","type":"page","link":"https:\/\/cgos.saint-chamond.fr\/?page_id=63","title":{"rendered":"Les \u00e9v\u00e8nements familiaux"},"content":{"rendered":"\n<h2 class=\"wp-block-heading\"><\/h2>\n\n\n\n<p>Le CGOS participe aux \u00e9v\u00e9nements familiaux sous forme de ch\u00e8ques cadeaux &#8220;Carr\u00e9ment St-Chamond&#8221; utilisables dans de nombreuses enseignes de la ville :<\/p>\n\n\n\n<p>&#8211; Naissance = 180 \u20ac<\/p>\n\n\n\n<p>&#8211; Mariage-Pacs = 180 \u20ac<\/p>\n\n\n\n<p>&#8211; D\u00e9c\u00e8s :<\/p>\n\n\n\n<ul class=\"wp-block-list\">\n<li>pour un agent municipal ou son conjoint = ch\u00e8que de 190\u20ac<\/li>\n\n\n\n<li>pour un enfant \u00e0 charge = ch\u00e8que de 190\u20ac<\/li>\n\n\n\n<li>pour un agent retrait\u00e9 = ch\u00e8que de 80 \u20ac<\/li>\n<\/ul>\n\n\n\n<p>Afin de b\u00e9n\u00e9ficier de ces bons ou ch\u00e8ques, il vous suffit d&#8217;apporter un justificatif au secr\u00e9tariat du CGOS dans les 6 mois suivant l&#8217;\u00e9v\u00e9nement.<\/p>\n","protected":false},"excerpt":{"rendered":"<p>Le CGOS participe aux \u00e9v\u00e9nements familiaux sous forme de ch\u00e8ques cadeaux &#8220;Carr\u00e9ment St-Chamond&#8221; utilisables dans de nombreuses enseignes de la<\/p>\n","protected":false},"author":1,"featured_media":0,"parent":0,"menu_order":0,"comment_status":"closed","ping_status":"closed","template":"","meta":{"footnotes":""},"class_list":["post-63","page","type-page","status-publish","hentry"],"_links":{"self":[{"href":"https:\/\/cgos.saint-chamond.fr\/index.php?rest_route=\/wp\/v2\/pages\/63","targetHints":{"allow":["GET"]}}],"collection":[{"href":"https:\/\/cgos.saint-chamond.fr\/index.php?rest_route=\/wp\/v2\/pages"}],"about":[{"href":"https:\/\/cgos.saint-chamond.fr\/index.php?rest_route=\/wp\/v2\/types\/page"}],"author":[{"embeddable":true,"href":"https:\/\/cgos.saint-chamond.fr\/index.php?rest_route=\/wp\/v2\/users\/1"}],"replies":[{"embeddable":true,"href":"https:\/\/cgos.saint-chamond.fr\/index.php?rest_route=%2Fwp%2Fv2%2Fcomments&post=63"}],"version-history":[{"count":4,"href":"https:\/\/cgos.saint-chamond.fr\/index.php?rest_route=\/wp\/v2\/pages\/63\/revisions"}],"predecessor-version":[{"id":753,"href":"https:\/\/cgos.saint-chamond.fr\/index.php?rest_route=\/wp\/v2\/pages\/63\/revisions\/753"}],"wp:attachment":[{"href":"https:\/\/cgos.saint-chamond.fr\/index.php?rest_route=%2Fwp%2Fv2%2Fmedia&parent=63"}],"curies":[{"name":"wp","href":"https:\/\/api.w.org\/{rel}","templated":true}]}}