{"id":766,"date":"2025-09-19T11:41:53","date_gmt":"2025-09-19T09:41:53","guid":{"rendered":"https:\/\/cgos.saint-chamond.fr\/?page_id=766"},"modified":"2025-09-19T11:41:54","modified_gmt":"2025-09-19T09:41:54","slug":"assemblee-generale","status":"publish","type":"page","link":"https:\/\/cgos.saint-chamond.fr\/?page_id=766","title":{"rendered":"Assembl\u00e9e G\u00e9n\u00e9rale"},"content":{"rendered":"\n<p class=\"has-medium-font-size\">La prochaine AG aura lieu le <mark style=\"background-color:#fcb900\" class=\"has-inline-color\">28 Avril 2026 \u00e0 17h30<\/mark><\/p>\n\n\n\n<p>Nous vous attendons nombreuses et  nombreux<\/p>\n\n\n\n<p>Ci-dessous le compte rendu de la derni\u00e8re assembl\u00e9e : <\/p>\n\n\n\n<div data-wp-interactive=\"core\/file\" class=\"wp-block-file\"><object data-wp-bind--hidden=\"!state.hasPdfPreview\" hidden class=\"wp-block-file__embed\" data=\"https:\/\/cgos.saint-chamond.fr\/wp-content\/uploads\/2025\/09\/compte-rendu-de-lassemblee-generale-de-2025.pdf\" type=\"application\/pdf\" style=\"width:100%;height:600px\" aria-label=\"Embed of compte rendu de l&apos;assembl\u00e9e g\u00e9n\u00e9rale de 2025.\"><\/object><a id=\"wp-block-file--media-99090902-f3c6-44d4-9df1-2d0f7f21514e\" href=\"https:\/\/cgos.saint-chamond.fr\/wp-content\/uploads\/2025\/09\/compte-rendu-de-lassemblee-generale-de-2025.pdf\">compte rendu de l&#8217;assembl\u00e9e g\u00e9n\u00e9rale de 2025<\/a><a href=\"https:\/\/cgos.saint-chamond.fr\/wp-content\/uploads\/2025\/09\/compte-rendu-de-lassemblee-generale-de-2025.pdf\" class=\"wp-block-file__button wp-element-button\" download aria-describedby=\"wp-block-file--media-99090902-f3c6-44d4-9df1-2d0f7f21514e\">T\u00e9l\u00e9charger<\/a><\/div>\n","protected":false},"excerpt":{"rendered":"<p>La prochaine AG aura lieu le 28 Avril 2026 \u00e0 17h30 Nous vous attendons nombreuses et nombreux Ci-dessous le compte<\/p>\n","protected":false},"author":3,"featured_media":0,"parent":0,"menu_order":0,"comment_status":"closed","ping_status":"closed","template":"","meta":{"footnotes":""},"class_list":["post-766","page","type-page","status-publish","hentry"],"_links":{"self":[{"href":"https:\/\/cgos.saint-chamond.fr\/index.php?rest_route=\/wp\/v2\/pages\/766","targetHints":{"allow":["GET"]}}],"collection":[{"href":"https:\/\/cgos.saint-chamond.fr\/index.php?rest_route=\/wp\/v2\/pages"}],"about":[{"href":"https:\/\/cgos.saint-chamond.fr\/index.php?rest_route=\/wp\/v2\/types\/page"}],"author":[{"embeddable":true,"href":"https:\/\/cgos.saint-chamond.fr\/index.php?rest_route=\/wp\/v2\/users\/3"}],"replies":[{"embeddable":true,"href":"https:\/\/cgos.saint-chamond.fr\/index.php?rest_route=%2Fwp%2Fv2%2Fcomments&post=766"}],"version-history":[{"count":1,"href":"https:\/\/cgos.saint-chamond.fr\/index.php?rest_route=\/wp\/v2\/pages\/766\/revisions"}],"predecessor-version":[{"id":768,"href":"https:\/\/cgos.saint-chamond.fr\/index.php?rest_route=\/wp\/v2\/pages\/766\/revisions\/768"}],"wp:attachment":[{"href":"https:\/\/cgos.saint-chamond.fr\/index.php?rest_route=%2Fwp%2Fv2%2Fmedia&parent=766"}],"curies":[{"name":"wp","href":"https:\/\/api.w.org\/{rel}","templated":true}]}}