{"id":810,"date":"2025-09-24T15:47:31","date_gmt":"2025-09-24T13:47:31","guid":{"rendered":"https:\/\/cgos.saint-chamond.fr\/?page_id=810"},"modified":"2026-01-28T15:02:28","modified_gmt":"2026-01-28T14:02:28","slug":"biscotti-di-mamma","status":"publish","type":"page","link":"https:\/\/cgos.saint-chamond.fr\/?page_id=810","title":{"rendered":"Biscotti di Mamma: catalogue printemps-\u00e9t\u00e9"},"content":{"rendered":"<div class=\"wp-block-image\">\n<figure class=\"aligncenter size-full is-resized\"><img loading=\"lazy\" decoding=\"async\" width=\"225\" height=\"225\" src=\"https:\/\/cgos.saint-chamond.fr\/wp-content\/uploads\/2025\/09\/Sans-titre-1.jpg\" alt=\"\" class=\"wp-image-821\" style=\"width:303px;height:auto\" srcset=\"https:\/\/cgos.saint-chamond.fr\/wp-content\/uploads\/2025\/09\/Sans-titre-1.jpg 225w, https:\/\/cgos.saint-chamond.fr\/wp-content\/uploads\/2025\/09\/Sans-titre-1-150x150.jpg 150w\" sizes=\"auto, (max-width: 225px) 100vw, 225px\" \/><\/figure>\n<\/div>\n\n\n<p class=\"has-vivid-red-color has-text-color has-link-color has-medium-font-size wp-elements-3a2e317370270c0047d43609d8ec0dae\">Profitez de cette offre chez <strong><mark style=\"background-color:#00d084\" class=\"has-inline-color\">Biscotti de Mamma pour le printemps et l&#8217;\u00e9t\u00e9<\/mark><\/strong> : \u00e0 prix doux<\/p>\n\n\n\n<p class=\"has-vivid-red-color has-text-color has-link-color has-medium-font-size wp-elements-a30c778175885cace643c382dd2a67b5\">Commande \u00e0 faire parvenir au secr\u00e9tariat du <strong>CGOS<\/strong> avec r\u00e8glement <\/p>\n\n\n\n<p class=\"has-medium-font-size\">Consultez d\u00e8s \u00e0 pr\u00e9sent le catalogue:<\/p>\n\n\n\n<div data-wp-interactive=\"core\/file\" class=\"wp-block-file\"><object data-wp-bind--hidden=\"!state.hasPdfPreview\" hidden class=\"wp-block-file__embed\" data=\"https:\/\/cgos.saint-chamond.fr\/wp-content\/uploads\/2026\/01\/CATALOGUE-BISCUITS-PRINTEMPS-ETE-2026.pdf\" type=\"application\/pdf\" style=\"width:100%;height:1030px\" aria-label=\"Embed of CATALOGUE BISCUITS PRINTEMPS ETE 2026.\"><\/object><a id=\"wp-block-file--media-2018c4c8-6967-4439-aea8-5bbce488e04b\" href=\"https:\/\/cgos.saint-chamond.fr\/wp-content\/uploads\/2026\/01\/CATALOGUE-BISCUITS-PRINTEMPS-ETE-2026.pdf\">CATALOGUE BISCUITS PRINTEMPS ETE 2026<\/a><a href=\"https:\/\/cgos.saint-chamond.fr\/wp-content\/uploads\/2026\/01\/CATALOGUE-BISCUITS-PRINTEMPS-ETE-2026.pdf\" class=\"wp-block-file__button wp-element-button\" download aria-describedby=\"wp-block-file--media-2018c4c8-6967-4439-aea8-5bbce488e04b\">T\u00e9l\u00e9charger<\/a><\/div>\n\n\n\n<div data-wp-interactive=\"core\/file\" class=\"wp-block-file\"><object data-wp-bind--hidden=\"!state.hasPdfPreview\" hidden class=\"wp-block-file__embed\" data=\"https:\/\/cgos.saint-chamond.fr\/wp-content\/uploads\/2026\/01\/UG-BON-DE-COMMANDE-PRINTEMPS-ETE-2026-BISCUITS.pdf\" type=\"application\/pdf\" style=\"width:100%;height:600px\" aria-label=\"Embed of UG BON DE COMMANDE PRINTEMPS ETE 2026 BISCUITS.\"><\/object><a id=\"wp-block-file--media-4d3bebe3-15f8-458d-b67a-c53a6947467a\" href=\"https:\/\/cgos.saint-chamond.fr\/wp-content\/uploads\/2026\/01\/UG-BON-DE-COMMANDE-PRINTEMPS-ETE-2026-BISCUITS.pdf\">UG BON DE COMMANDE PRINTEMPS ETE 2026 BISCUITS<\/a><a href=\"https:\/\/cgos.saint-chamond.fr\/wp-content\/uploads\/2026\/01\/UG-BON-DE-COMMANDE-PRINTEMPS-ETE-2026-BISCUITS.pdf\" class=\"wp-block-file__button wp-element-button\" download aria-describedby=\"wp-block-file--media-4d3bebe3-15f8-458d-b67a-c53a6947467a\">T\u00e9l\u00e9charger<\/a><\/div>\n\n\n\n<p><\/p>\n\n\n\n<p><\/p>\n\n\n\n<p class=\"has-vivid-red-color has-text-color has-link-color has-medium-font-size wp-elements-9b5b001de1f139e527fbdddb96d8bc1f\">Nous vous proposons \u00e9galement l<strong>e catalogue des biscuits pour l&#8217;hiver 2025\/2026<\/strong>:<\/p>\n\n\n\n<p class=\"has-medium-font-size\">Commande \u00e0 retourner au secr\u00e9tariat du CGOS avec r\u00e8glement. Livraison sous 15 jours.<\/p>\n\n\n\n<p><\/p>\n\n\n\n<p><\/p>\n\n\n\n<div data-wp-interactive=\"core\/file\" class=\"wp-block-file\"><object data-wp-bind--hidden=\"!state.hasPdfPreview\" hidden class=\"wp-block-file__embed\" data=\"https:\/\/cgos.saint-chamond.fr\/wp-content\/uploads\/2025\/09\/BISCUITS-AUTOMNE-HIVER-25-26.pdf\" type=\"application\/pdf\" style=\"width:100%;height:1350px\" aria-label=\"Embed of BISCUITS AUTOMNE HIVER 25 26.\"><\/object><a id=\"wp-block-file--media-1f14a238-91fd-4a90-8ba9-9be6111fef6a\" href=\"https:\/\/cgos.saint-chamond.fr\/wp-content\/uploads\/2025\/09\/BISCUITS-AUTOMNE-HIVER-25-26.pdf\">BISCUITS AUTOMNE HIVER 25 26<\/a><a href=\"https:\/\/cgos.saint-chamond.fr\/wp-content\/uploads\/2025\/09\/BISCUITS-AUTOMNE-HIVER-25-26.pdf\" class=\"wp-block-file__button wp-element-button\" download aria-describedby=\"wp-block-file--media-1f14a238-91fd-4a90-8ba9-9be6111fef6a\">T\u00e9l\u00e9charger<\/a><\/div>\n\n\n\n<div data-wp-interactive=\"core\/file\" class=\"wp-block-file\"><object data-wp-bind--hidden=\"!state.hasPdfPreview\" hidden class=\"wp-block-file__embed\" data=\"https:\/\/cgos.saint-chamond.fr\/wp-content\/uploads\/2025\/09\/UG-BON-DE-COMMANDE-AUTOMNE-HIVER-25-26-BISCUITS.pdf\" type=\"application\/pdf\" style=\"width:100%;height:1040px\" aria-label=\"Embed of UG BON DE COMMANDE AUTOMNE HIVER 25 26 BISCUITS.\"><\/object><a id=\"wp-block-file--media-ce08bea8-e4ca-41bb-bc59-1105b81f5c16\" href=\"https:\/\/cgos.saint-chamond.fr\/wp-content\/uploads\/2025\/09\/UG-BON-DE-COMMANDE-AUTOMNE-HIVER-25-26-BISCUITS.pdf\">UG BON DE COMMANDE AUTOMNE HIVER 25 26 BISCUITS<\/a><a href=\"https:\/\/cgos.saint-chamond.fr\/wp-content\/uploads\/2025\/09\/UG-BON-DE-COMMANDE-AUTOMNE-HIVER-25-26-BISCUITS.pdf\" class=\"wp-block-file__button wp-element-button\" download aria-describedby=\"wp-block-file--media-ce08bea8-e4ca-41bb-bc59-1105b81f5c16\">T\u00e9l\u00e9charger<\/a><\/div>\n\n\n\n<p><\/p>\n","protected":false},"excerpt":{"rendered":"<p>Profitez de cette offre chez Biscotti de Mamma pour le printemps et l&#8217;\u00e9t\u00e9 : \u00e0 prix doux Commande \u00e0 faire<\/p>\n","protected":false},"author":4,"featured_media":820,"parent":0,"menu_order":0,"comment_status":"closed","ping_status":"closed","template":"","meta":{"footnotes":""},"class_list":["post-810","page","type-page","status-publish","has-post-thumbnail","hentry"],"_links":{"self":[{"href":"https:\/\/cgos.saint-chamond.fr\/index.php?rest_route=\/wp\/v2\/pages\/810","targetHints":{"allow":["GET"]}}],"collection":[{"href":"https:\/\/cgos.saint-chamond.fr\/index.php?rest_route=\/wp\/v2\/pages"}],"about":[{"href":"https:\/\/cgos.saint-chamond.fr\/index.php?rest_route=\/wp\/v2\/types\/page"}],"author":[{"embeddable":true,"href":"https:\/\/cgos.saint-chamond.fr\/index.php?rest_route=\/wp\/v2\/users\/4"}],"replies":[{"embeddable":true,"href":"https:\/\/cgos.saint-chamond.fr\/index.php?rest_route=%2Fwp%2Fv2%2Fcomments&post=810"}],"version-history":[{"count":5,"href":"https:\/\/cgos.saint-chamond.fr\/index.php?rest_route=\/wp\/v2\/pages\/810\/revisions"}],"predecessor-version":[{"id":926,"href":"https:\/\/cgos.saint-chamond.fr\/index.php?rest_route=\/wp\/v2\/pages\/810\/revisions\/926"}],"wp:featuredmedia":[{"embeddable":true,"href":"https:\/\/cgos.saint-chamond.fr\/index.php?rest_route=\/wp\/v2\/media\/820"}],"wp:attachment":[{"href":"https:\/\/cgos.saint-chamond.fr\/index.php?rest_route=%2Fwp%2Fv2%2Fmedia&parent=810"}],"curies":[{"name":"wp","href":"https:\/\/api.w.org\/{rel}","templated":true}]}}