{"id":844,"date":"2025-10-06T17:37:35","date_gmt":"2025-10-06T15:37:35","guid":{"rendered":"https:\/\/cgos.saint-chamond.fr\/?page_id=844"},"modified":"2025-10-07T16:28:47","modified_gmt":"2025-10-07T14:28:47","slug":"agrumes-et-fruits-locaux-de-la-ferme-au-quartier","status":"publish","type":"page","link":"https:\/\/cgos.saint-chamond.fr\/?page_id=844","title":{"rendered":"Agrumes et fruits locaux &#8220;De la ferme au Quartier&#8221;"},"content":{"rendered":"\n<div data-wp-interactive=\"core\/file\" class=\"wp-block-file\"><object data-wp-bind--hidden=\"!state.hasPdfPreview\" hidden class=\"wp-block-file__embed\" data=\"https:\/\/cgos.saint-chamond.fr\/wp-content\/uploads\/2025\/10\/Flyer-Agrumes_25-262.pdf\" type=\"application\/pdf\" style=\"width:100%;height:840px\" aria-label=\"Embed of Flyer Agrumes_25-26(2).\"><\/object><a id=\"wp-block-file--media-24c7b639-3a8c-4318-9092-4329b56cd90c\" href=\"https:\/\/cgos.saint-chamond.fr\/wp-content\/uploads\/2025\/10\/Flyer-Agrumes_25-262.pdf\">Flyer Agrumes_25-26(2)<\/a><a href=\"https:\/\/cgos.saint-chamond.fr\/wp-content\/uploads\/2025\/10\/Flyer-Agrumes_25-262.pdf\" class=\"wp-block-file__button wp-element-button\" download aria-describedby=\"wp-block-file--media-24c7b639-3a8c-4318-9092-4329b56cd90c\">T\u00e9l\u00e9charger<\/a><\/div>\n\n\n\n<p>Profitez de d\u00e9licieux fruits chaque mois avec &#8220;De la Ferme au Quartier&#8221;!<\/p>\n\n\n\n<p>Vous pouvez souscrire un contrat pour la livraison d&#8217;agrumes siciliens ( oranges, mandarines, cl\u00e9mentines,citrons) ou de fruits locaux en fonction des saisons chaque mois (raisins, pommes, poires et bien d&#8217;autres)<\/p>\n\n\n\n<p><strong>NOUVEAUTE: Livraison d\u00e9sormais possible \u00e0 Saint-Chamond \u00e0 l&#8217;Office du Tourisme (9 rue Ventefol)<\/strong><\/p>\n\n\n\n<p>Toutes les informations concernant cette offre de produits bios et en direct des producteurs\/productrices est  sur leur site internet ( lien ci-dessous)<\/p>\n\n\n\n<p><a href=\"https:\/\/www.delafermeauquartier.org\/agrumes-fruits-locaux\/\">https:\/\/www.delafermeauquartier.org\/agrumes-fruits-locaux\/<\/a><\/p>\n\n\n\n<p><\/p>\n\n\n\n<p>Commande \u00e0 passer directement via le site internet, le CGOS n&#8217;intervient pas.<\/p>\n\n\n\n<p><\/p>\n","protected":false},"excerpt":{"rendered":"<p>Profitez de d\u00e9licieux fruits chaque mois avec &#8220;De la Ferme au Quartier&#8221;! Vous pouvez souscrire un contrat pour la livraison<\/p>\n","protected":false},"author":4,"featured_media":846,"parent":0,"menu_order":0,"comment_status":"closed","ping_status":"closed","template":"","meta":{"footnotes":""},"class_list":["post-844","page","type-page","status-publish","has-post-thumbnail","hentry"],"_links":{"self":[{"href":"https:\/\/cgos.saint-chamond.fr\/index.php?rest_route=\/wp\/v2\/pages\/844","targetHints":{"allow":["GET"]}}],"collection":[{"href":"https:\/\/cgos.saint-chamond.fr\/index.php?rest_route=\/wp\/v2\/pages"}],"about":[{"href":"https:\/\/cgos.saint-chamond.fr\/index.php?rest_route=\/wp\/v2\/types\/page"}],"author":[{"embeddable":true,"href":"https:\/\/cgos.saint-chamond.fr\/index.php?rest_route=\/wp\/v2\/users\/4"}],"replies":[{"embeddable":true,"href":"https:\/\/cgos.saint-chamond.fr\/index.php?rest_route=%2Fwp%2Fv2%2Fcomments&post=844"}],"version-history":[{"count":3,"href":"https:\/\/cgos.saint-chamond.fr\/index.php?rest_route=\/wp\/v2\/pages\/844\/revisions"}],"predecessor-version":[{"id":851,"href":"https:\/\/cgos.saint-chamond.fr\/index.php?rest_route=\/wp\/v2\/pages\/844\/revisions\/851"}],"wp:featuredmedia":[{"embeddable":true,"href":"https:\/\/cgos.saint-chamond.fr\/index.php?rest_route=\/wp\/v2\/media\/846"}],"wp:attachment":[{"href":"https:\/\/cgos.saint-chamond.fr\/index.php?rest_route=%2Fwp%2Fv2%2Fmedia&parent=844"}],"curies":[{"name":"wp","href":"https:\/\/api.w.org\/{rel}","templated":true}]}}